{"id":26,"date":"2018-08-31T14:20:50","date_gmt":"2018-08-31T14:20:50","guid":{"rendered":"http:\/\/www.wsmsro.cz\/?page_id=26"},"modified":"2022-12-05T17:55:46","modified_gmt":"2022-12-05T17:55:46","slug":"o-nas","status":"publish","type":"page","link":"https:\/\/wsmsro.cz\/index.php\/o-nas\/","title":{"rendered":"O n\u00e1s"},"content":{"rendered":"<p>Vydavatelstv\u00ed Watch Star Media, s.r.o., p\u0159evzali jeho spole\u010dn\u00edci p\u00e1nov\u00e9 JUDr. Franti\u0161ek \u010cerm\u00e1k, Tom\u00e1\u0161 Z\u00edma a dr. Jarom\u00edr Skopal\u00edk v\u00a0\u010dervenci 2018 spolu s\u00a0\u010dasopisem Hodinky &amp; \u0161perky.<\/p>\n<p>V portf\u00f3liu jsou dal\u0161\u00ed oborov\u00e9 \u010dasopisy jako Hattrick nebo Sv\u011bt kulturistiky. V\u00a0\u010dervenci 2019 se p\u0159evzet\u00edm spole\u010dnosti Osmium, s.r.o. roz\u0161\u00ed\u0159ilo portfolio o vysokon\u00e1kladov\u00fd \u010dasopis distribuovan\u00fd zdarma na stanice technick\u00e9 kontroly s\u00a0n\u00e1zvem SeTK\u00e1n\u00ed<\/p>\n<p>Krom\u011b periodick\u00fdch \u010dasopis\u016f vyd\u00e1v\u00e1 Watch Star Media speci\u00e1ly r\u016fzn\u00e9ho obsahov\u00e9ho zam\u011b\u0159en\u00ed a v\u011bnuje se rovn\u011b\u017e knih\u00e1m.<\/p>\n<p>JUDr. Franti\u0161ek \u010cerm\u00e1k je z\u00e1rove\u0148 jedin\u00fdm spole\u010dn\u00edkem Pra\u017esk\u00e9 vydavatelsk\u00e9 spole\u010dnosti, s.r.o., v jej\u00edm\u017e portfoliu nalezneme mj. \u010dasopisy Pes p\u0159\u00edtel \u010dlov\u011bka, M\u00e9\u010fa Pus\u00edk, Bum\u00edk, St\u0159eleck\u00e1 revue, Praktik, P\u0159\u00edsn\u011b tajn\u00e9.<\/p>\n","protected":false},"excerpt":{"rendered":"<p>Vydavatelstv\u00ed Watch Star Media, s.r.o., p\u0159evzali jeho spole\u010dn\u00edci p\u00e1nov\u00e9 JUDr. Franti\u0161ek \u010cerm\u00e1k, Tom\u00e1\u0161 Z\u00edma a dr. Jarom\u00edr Skopal\u00edk v\u00a0\u010dervenci 2018 spolu s\u00a0\u010dasopisem Hodinky &amp; \u0161perky. V portf\u00f3liu jsou dal\u0161\u00ed oborov\u00e9 \u010dasopisy jako Hattrick nebo Sv\u011bt kulturistiky. V\u00a0\u010dervenci 2019 se p\u0159evzet\u00edm spole\u010dnosti Osmium, s.r.o. roz\u0161\u00ed\u0159ilo portfolio o vysokon\u00e1kladov\u00fd \u010dasopis distribuovan\u00fd zdarma na stanice technick\u00e9 kontroly s\u00a0n\u00e1zvem SeTK\u00e1n\u00ed Krom\u011b periodick\u00fdch \u010dasopis\u016f vyd\u00e1v\u00e1 Watch Star Media speci\u00e1ly r\u016fzn\u00e9ho obsahov\u00e9ho zam\u011b\u0159en\u00ed a v\u011bnuje se rovn\u011b\u017e knih\u00e1m. JUDr. Franti\u0161ek \u010cerm\u00e1k je z\u00e1rove\u0148 jedin\u00fdm spole\u010dn\u00edkem Pra\u017esk\u00e9 vydavatelsk\u00e9 spole\u010dnosti, s.r.o., v jej\u00edm\u017e portfoliu nalezneme mj. \u010dasopisy Pes p\u0159\u00edtel \u010dlov\u011bka, M\u00e9\u010fa Pus\u00edk, Bum\u00edk, St\u0159eleck\u00e1 revue, Praktik, P\u0159\u00edsn\u011b tajn\u00e9.<\/p>\n","protected":false},"author":1,"featured_media":0,"parent":0,"menu_order":0,"comment_status":"closed","ping_status":"closed","template":"","meta":{"footnotes":""},"class_list":["post-26","page","type-page","status-publish","hentry"],"acf":[],"_links":{"self":[{"href":"https:\/\/wsmsro.cz\/index.php\/wp-json\/wp\/v2\/pages\/26","targetHints":{"allow":["GET"]}}],"collection":[{"href":"https:\/\/wsmsro.cz\/index.php\/wp-json\/wp\/v2\/pages"}],"about":[{"href":"https:\/\/wsmsro.cz\/index.php\/wp-json\/wp\/v2\/types\/page"}],"author":[{"embeddable":true,"href":"https:\/\/wsmsro.cz\/index.php\/wp-json\/wp\/v2\/users\/1"}],"replies":[{"embeddable":true,"href":"https:\/\/wsmsro.cz\/index.php\/wp-json\/wp\/v2\/comments?post=26"}],"version-history":[{"count":16,"href":"https:\/\/wsmsro.cz\/index.php\/wp-json\/wp\/v2\/pages\/26\/revisions"}],"predecessor-version":[{"id":815,"href":"https:\/\/wsmsro.cz\/index.php\/wp-json\/wp\/v2\/pages\/26\/revisions\/815"}],"wp:attachment":[{"href":"https:\/\/wsmsro.cz\/index.php\/wp-json\/wp\/v2\/media?parent=26"}],"curies":[{"name":"wp","href":"https:\/\/api.w.org\/{rel}","templated":true}]}}