{"id":666,"date":"2020-11-11T07:28:59","date_gmt":"2020-11-11T07:28:59","guid":{"rendered":"http:\/\/www.wsmsro.cz\/?page_id=666"},"modified":"2021-05-20T07:47:25","modified_gmt":"2021-05-20T07:47:25","slug":"zamestnani","status":"publish","type":"page","link":"https:\/\/wsmsro.cz\/index.php\/zamestnani\/","title":{"rendered":"Zam\u011bstn\u00e1n\u00ed"},"content":{"rendered":"\n<p class=\"has-background has-very-light-gray-background-color\"><strong>Inzertn\u00ed mana\u017eer\/mana\u017eerka<\/strong><\/p>\n\n\n\n<p>Hled\u00e1me do t\u00fdmu mana\u017eera\/mana\u017eerku inzerce pro oborov\u00e9 \u010dasopisy z oblasti bydlen\u00ed, zahrady, sportu, \u017eivotn\u00edho stylu a zdrav\u00ed. Po\u017eadujeme samostatnost, komunikativnost a schopnost v\u00e9st obchodn\u00ed jedn\u00e1n\u00ed. Mo\u017en\u00e9 jako hlavn\u00ed nebo vedlej\u0161\u00ed pracovn\u00ed pom\u011br. Praxe v oboru v\u00fdhodou, nen\u00ed ale nutnou podm\u00ednkou.<br>Nab\u00edz\u00edme pr\u00e1ci v p\u0159\u00edjemn\u00e9m kolektivu v zaveden\u00e9 a rostouc\u00ed spole\u010dnosti, dobr\u00e9 ohodnocen\u00ed dle dosa\u017een\u00fdch v\u00fdsledk\u016f a profesion\u00e1ln\u00ed r\u016fst. Sv\u016fj motiva\u010dn\u00ed \u017eivotopis zas\u00edlejte na e-mail: kariera@provolnycas.cz<\/p>\n\n\n\n<p><\/p>\n","protected":false},"excerpt":{"rendered":"<p>Inzertn\u00ed mana\u017eer\/mana\u017eerka Hled\u00e1me do t\u00fdmu mana\u017eera\/mana\u017eerku inzerce pro oborov\u00e9 \u010dasopisy z oblasti bydlen\u00ed, zahrady, sportu, \u017eivotn\u00edho stylu a zdrav\u00ed. Po\u017eadujeme samostatnost, komunikativnost a schopnost v\u00e9st obchodn\u00ed jedn\u00e1n\u00ed. Mo\u017en\u00e9 jako hlavn\u00ed nebo vedlej\u0161\u00ed pracovn\u00ed pom\u011br. Praxe v oboru v\u00fdhodou, nen\u00ed ale nutnou podm\u00ednkou.Nab\u00edz\u00edme pr\u00e1ci v p\u0159\u00edjemn\u00e9m kolektivu v zaveden\u00e9 a rostouc\u00ed spole\u010dnosti, dobr\u00e9 ohodnocen\u00ed dle dosa\u017een\u00fdch v\u00fdsledk\u016f a profesion\u00e1ln\u00ed r\u016fst. Sv\u016fj motiva\u010dn\u00ed \u017eivotopis zas\u00edlejte na e-mail: kariera@provolnycas.cz<\/p>\n","protected":false},"author":1,"featured_media":0,"parent":0,"menu_order":0,"comment_status":"closed","ping_status":"closed","template":"","meta":{"footnotes":""},"class_list":["post-666","page","type-page","status-publish","hentry"],"acf":[],"_links":{"self":[{"href":"https:\/\/wsmsro.cz\/index.php\/wp-json\/wp\/v2\/pages\/666","targetHints":{"allow":["GET"]}}],"collection":[{"href":"https:\/\/wsmsro.cz\/index.php\/wp-json\/wp\/v2\/pages"}],"about":[{"href":"https:\/\/wsmsro.cz\/index.php\/wp-json\/wp\/v2\/types\/page"}],"author":[{"embeddable":true,"href":"https:\/\/wsmsro.cz\/index.php\/wp-json\/wp\/v2\/users\/1"}],"replies":[{"embeddable":true,"href":"https:\/\/wsmsro.cz\/index.php\/wp-json\/wp\/v2\/comments?post=666"}],"version-history":[{"count":8,"href":"https:\/\/wsmsro.cz\/index.php\/wp-json\/wp\/v2\/pages\/666\/revisions"}],"predecessor-version":[{"id":726,"href":"https:\/\/wsmsro.cz\/index.php\/wp-json\/wp\/v2\/pages\/666\/revisions\/726"}],"wp:attachment":[{"href":"https:\/\/wsmsro.cz\/index.php\/wp-json\/wp\/v2\/media?parent=666"}],"curies":[{"name":"wp","href":"https:\/\/api.w.org\/{rel}","templated":true}]}}